{"id":25,"date":"2024-10-08T21:22:48","date_gmt":"2024-10-08T19:22:48","guid":{"rendered":"http:\/\/ujptzqv.cluster027.hosting.ovh.net\/?page_id=25"},"modified":"2024-12-04T20:30:27","modified_gmt":"2024-12-04T19:30:27","slug":"big-pauper-win-a-display","status":"publish","type":"page","link":"https:\/\/www.the-chump-wizards.com\/index.php\/big-pauper-win-a-display\/","title":{"rendered":"Big Pauper &#8211; Win a Display"},"content":{"rendered":"\n<h2 class=\"wp-block-heading\">Histoire de l&rsquo;\u00e9v\u00e8nement :<\/h2>\n\n\n\n<p>Big Pauper \u00ab\u00a0Win some a display\u00a0\u00bb<\/p>\n\n\n\n<p>Quatri\u00e8me tournoi semi-comp\u00e9titif (avec Top4) de l&rsquo;ann\u00e9e, se d\u00e9roulant pendant le quatri\u00e8me trimestre de l&rsquo;ann\u00e9e.<\/p>\n\n\n\n<p>Un display complet pour vous tout seul? Oui cela est possible lors de cet \u00e9vent, le top1 aura son display de boosters complet en lot. Le superbe petit \u00e9vent de No\u00ebl g\u00e9n\u00e9ralement suivi d&rsquo;une sortie entre coll\u00e8gues (comme on dit chez nous), en fonction du nombre de joueurs des lots en plus sont ajout\u00e9s<\/p>\n\n\n\n<div class=\"wp-block-buttons is-content-justification-center is-layout-flex wp-container-core-buttons-is-layout-86e1f5e2 wp-block-buttons-is-layout-flex\">\n<div class=\"wp-block-button has-custom-width wp-block-button__width-50 is-style-fill\"><a class=\"wp-block-button__link wp-element-button\" style=\"border-radius:10px;padding-right:0;padding-left:0\">S&rsquo;inscrire maintenant<\/a><\/div>\n<\/div>\n\n\n\n<p><\/p>\n","protected":false},"excerpt":{"rendered":"<p>Histoire de l&rsquo;\u00e9v\u00e8nement : Big Pauper \u00ab\u00a0Win some a display\u00a0\u00bb Quatri\u00e8me tournoi semi-comp\u00e9titif (avec Top4) de l&rsquo;ann\u00e9e, se d\u00e9roulant pendant le quatri\u00e8me trimestre de l&rsquo;ann\u00e9e. Un display complet pour vous tout seul? Oui cela est possible lors de cet \u00e9vent, le top1 aura son display de boosters complet en lot. Le superbe petit \u00e9vent de [&hellip;]<\/p>\n","protected":false},"author":1,"featured_media":0,"parent":0,"menu_order":0,"comment_status":"closed","ping_status":"closed","template":"","meta":{"footnotes":""},"class_list":["post-25","page","type-page","status-publish","hentry"],"_links":{"self":[{"href":"https:\/\/www.the-chump-wizards.com\/index.php\/wp-json\/wp\/v2\/pages\/25","targetHints":{"allow":["GET"]}}],"collection":[{"href":"https:\/\/www.the-chump-wizards.com\/index.php\/wp-json\/wp\/v2\/pages"}],"about":[{"href":"https:\/\/www.the-chump-wizards.com\/index.php\/wp-json\/wp\/v2\/types\/page"}],"author":[{"embeddable":true,"href":"https:\/\/www.the-chump-wizards.com\/index.php\/wp-json\/wp\/v2\/users\/1"}],"replies":[{"embeddable":true,"href":"https:\/\/www.the-chump-wizards.com\/index.php\/wp-json\/wp\/v2\/comments?post=25"}],"version-history":[{"count":3,"href":"https:\/\/www.the-chump-wizards.com\/index.php\/wp-json\/wp\/v2\/pages\/25\/revisions"}],"predecessor-version":[{"id":87,"href":"https:\/\/www.the-chump-wizards.com\/index.php\/wp-json\/wp\/v2\/pages\/25\/revisions\/87"}],"wp:attachment":[{"href":"https:\/\/www.the-chump-wizards.com\/index.php\/wp-json\/wp\/v2\/media?parent=25"}],"curies":[{"name":"wp","href":"https:\/\/api.w.org\/{rel}","templated":true}]}}