{"id":27,"date":"2024-10-08T21:23:42","date_gmt":"2024-10-08T19:23:42","guid":{"rendered":"http:\/\/ujptzqv.cluster027.hosting.ovh.net\/?page_id=27"},"modified":"2024-12-04T20:17:31","modified_gmt":"2024-12-04T19:17:31","slug":"coupe-departementale","status":"publish","type":"page","link":"https:\/\/www.the-chump-wizards.com\/index.php\/coupe-departementale\/","title":{"rendered":"Coupe d\u00e9partementale"},"content":{"rendered":"\n<p>Histoire de l&rsquo;\u00e9v\u00e8nement :<\/p>\n\n\n\n<p>La Coupe D\u00e9partementale PAUPER VAR.<\/p>\n\n\n\n<p>Voici notre petit \u00e9v\u00e9nement comp\u00e9titif local, rassemblant vraiment les copains avant tout^^, cet \u00e9vent se d\u00e9marque par ses superbes lots \u00e0 gagner, vraiment utiles pour le PAUPER.&nbsp;<\/p>\n\n\n\n<p>C&rsquo;est avant tout un \u00e9v\u00e9nement convivial, centr\u00e9 autour de la rencontre des joueurs dans le Var, l&rsquo;\u00e9change d&rsquo;exp\u00e9rience et la cr\u00e9ation de projets novateurs.<\/p>\n\n\n\n<p>Pour un premier \u00e9vent comp\u00e9titif la CD PAUPER est id\u00e9ale pour se faire la main et d\u00e9couvrir de nouvelles fa\u00e7ons de jouer.&nbsp;<\/p>\n\n\n\n<p>Le pr\u00e9sident.<\/p>\n\n\n\n<div class=\"wp-block-buttons is-content-justification-center is-layout-flex wp-container-core-buttons-is-layout-86e1f5e2 wp-block-buttons-is-layout-flex\">\n<div class=\"wp-block-button has-custom-width wp-block-button__width-50 is-style-fill\"><a class=\"wp-block-button__link wp-element-button\" style=\"border-radius:10px;padding-right:0;padding-left:0\">S&rsquo;inscrire maintenant<\/a><\/div>\n<\/div>\n","protected":false},"excerpt":{"rendered":"<p>Histoire de l&rsquo;\u00e9v\u00e8nement : La Coupe D\u00e9partementale PAUPER VAR. Voici notre petit \u00e9v\u00e9nement comp\u00e9titif local, rassemblant vraiment les copains avant tout^^, cet \u00e9vent se d\u00e9marque par ses superbes lots \u00e0 gagner, vraiment utiles pour le PAUPER.&nbsp; C&rsquo;est avant tout un \u00e9v\u00e9nement convivial, centr\u00e9 autour de la rencontre des joueurs dans le Var, l&rsquo;\u00e9change d&rsquo;exp\u00e9rience et [&hellip;]<\/p>\n","protected":false},"author":1,"featured_media":0,"parent":0,"menu_order":0,"comment_status":"closed","ping_status":"closed","template":"","meta":{"footnotes":""},"class_list":["post-27","page","type-page","status-publish","hentry"],"_links":{"self":[{"href":"https:\/\/www.the-chump-wizards.com\/index.php\/wp-json\/wp\/v2\/pages\/27","targetHints":{"allow":["GET"]}}],"collection":[{"href":"https:\/\/www.the-chump-wizards.com\/index.php\/wp-json\/wp\/v2\/pages"}],"about":[{"href":"https:\/\/www.the-chump-wizards.com\/index.php\/wp-json\/wp\/v2\/types\/page"}],"author":[{"embeddable":true,"href":"https:\/\/www.the-chump-wizards.com\/index.php\/wp-json\/wp\/v2\/users\/1"}],"replies":[{"embeddable":true,"href":"https:\/\/www.the-chump-wizards.com\/index.php\/wp-json\/wp\/v2\/comments?post=27"}],"version-history":[{"count":2,"href":"https:\/\/www.the-chump-wizards.com\/index.php\/wp-json\/wp\/v2\/pages\/27\/revisions"}],"predecessor-version":[{"id":77,"href":"https:\/\/www.the-chump-wizards.com\/index.php\/wp-json\/wp\/v2\/pages\/27\/revisions\/77"}],"wp:attachment":[{"href":"https:\/\/www.the-chump-wizards.com\/index.php\/wp-json\/wp\/v2\/media?parent=27"}],"curies":[{"name":"wp","href":"https:\/\/api.w.org\/{rel}","templated":true}]}}