{"id":78,"date":"2024-12-04T20:20:02","date_gmt":"2024-12-04T19:20:02","guid":{"rendered":"http:\/\/ujptzqv.cluster027.hosting.ovh.net\/?page_id=78"},"modified":"2024-12-04T20:20:02","modified_gmt":"2024-12-04T19:20:02","slug":"big-pauper-win-some-accessories","status":"publish","type":"page","link":"https:\/\/www.the-chump-wizards.com\/index.php\/big-pauper-win-some-accessories\/","title":{"rendered":"Big Pauper &#8211; win some accessories"},"content":{"rendered":"\n<h2 class=\"wp-block-heading\">Histoire de l\u2019\u00e9venement<\/h2>\n\n\n\n<p>Big Pauper \u00ab\u00a0Win some accessories\u00a0\u00bb<\/p>\n\n\n\n<p>Premier tournoi semi-comp\u00e9titif (avec Top4) de l&rsquo;ann\u00e9e, se d\u00e9roulant pendant le premier trimestre de l&rsquo;ann\u00e9e.<\/p>\n\n\n\n<p>Ce dernier permet de gagner des accessoires li\u00e9s au jeu, ainsi vous aurez en lots des deck-box, des sleeves, des d\u00e9s, des classeurs de rangement, ainsi que divers goodies de l&rsquo;univers et des produits scell\u00e9s.<\/p>\n\n\n\n<p>Id\u00e9al pour se faire un \u00e9vent fun entre potes ou en famille.<\/p>\n","protected":false},"excerpt":{"rendered":"<p>Histoire de l\u2019\u00e9venement Big Pauper \u00ab\u00a0Win some accessories\u00a0\u00bb Premier tournoi semi-comp\u00e9titif (avec Top4) de l&rsquo;ann\u00e9e, se d\u00e9roulant pendant le premier trimestre de l&rsquo;ann\u00e9e. Ce dernier permet de gagner des accessoires li\u00e9s au jeu, ainsi vous aurez en lots des deck-box, des sleeves, des d\u00e9s, des classeurs de rangement, ainsi que divers goodies de l&rsquo;univers et [&hellip;]<\/p>\n","protected":false},"author":1,"featured_media":0,"parent":0,"menu_order":0,"comment_status":"closed","ping_status":"closed","template":"","meta":{"footnotes":""},"class_list":["post-78","page","type-page","status-publish","hentry"],"_links":{"self":[{"href":"https:\/\/www.the-chump-wizards.com\/index.php\/wp-json\/wp\/v2\/pages\/78","targetHints":{"allow":["GET"]}}],"collection":[{"href":"https:\/\/www.the-chump-wizards.com\/index.php\/wp-json\/wp\/v2\/pages"}],"about":[{"href":"https:\/\/www.the-chump-wizards.com\/index.php\/wp-json\/wp\/v2\/types\/page"}],"author":[{"embeddable":true,"href":"https:\/\/www.the-chump-wizards.com\/index.php\/wp-json\/wp\/v2\/users\/1"}],"replies":[{"embeddable":true,"href":"https:\/\/www.the-chump-wizards.com\/index.php\/wp-json\/wp\/v2\/comments?post=78"}],"version-history":[{"count":1,"href":"https:\/\/www.the-chump-wizards.com\/index.php\/wp-json\/wp\/v2\/pages\/78\/revisions"}],"predecessor-version":[{"id":79,"href":"https:\/\/www.the-chump-wizards.com\/index.php\/wp-json\/wp\/v2\/pages\/78\/revisions\/79"}],"wp:attachment":[{"href":"https:\/\/www.the-chump-wizards.com\/index.php\/wp-json\/wp\/v2\/media?parent=78"}],"curies":[{"name":"wp","href":"https:\/\/api.w.org\/{rel}","templated":true}]}}